{"id":108,"date":"2025-07-08T11:45:17","date_gmt":"2025-07-08T11:45:17","guid":{"rendered":"https:\/\/kelnerice.com\/?page_id=108"},"modified":"2025-08-31T14:54:34","modified_gmt":"2025-08-31T14:54:34","slug":"blogic","status":"publish","type":"page","link":"https:\/\/kelnerice.com\/?page_id=108","title":{"rendered":"Iz pera gospo\u0111e X"},"content":{"rendered":"<div class=\"wp-block-latest-posts__list wp-block-advanced-posts-listing-advanced-posts-listing-block\"><style>\r\n            .post-container {\r\n                margin-bottom: 30px !important; \r\n            }<\/style><div class=\"listing-layout\"><div class=\"post-container\">    <div class=\"image-container\"><img decoding=\"async\" class=\"block-image\" src=\"https:\/\/kelnerice.com\/wp-content\/uploads\/2026\/05\/Cream-Brown-Minimalist-Thrift-Store-Facebook-Cover-8-1024x577.png\">    <\/div>    <div class=\"post-title\"  ><a href=\"https:\/\/kelnerice.com\/?p=299\" class=\"title\">Izme\u0111u pera i objektiva: Zagorka i Foto Tonka<\/a>    <\/div>    <div class=\"meta-data\" ><p>23 travnja, 2026 | Author: admin | Categories: Blog, Blog<\/p>    <\/div>    <div class=\"post-content\" ><p>Na\u0161a \u0110ur\u0111ica nekad utjelovljuje Mariju Juri\u0107 Zagorku na turama i performansu Duhovi Zagorkinog stana Gornjogradskih coprnica, a u\u00a0Muzeju grada Zagreba\u00a0ju na \u017divim slikama mo\u017eete susresti kao Antoniju Kul\u010dar iz studija    <\/p><\/div>    <div class=\"read-more-btn\">        <a target=\"_blank\" href=\"https:\/\/kelnerice.com\/?p=299\" class=\"read-more-button\">Read More<\/a>    <\/div><\/div><div class=\"post-container\">    <div class=\"image-container\"><img decoding=\"async\" class=\"block-image\" src=\"https:\/\/kelnerice.com\/wp-content\/uploads\/2026\/05\/Snimka-zaslona-2026-05-08-162037.png\">    <\/div>    <div class=\"post-title\"  ><a href=\"https:\/\/kelnerice.com\/?p=294\" class=\"title\">Tri i pol mjeseca izlo\u017ebe Gutljaj pro\u0161losti<\/a>    <\/div>    <div class=\"meta-data\" ><p>17 o\u017eujka, 2026 | Author: admin | Categories: Blog, Blog<\/p>    <\/div>    <div class=\"post-content\" ><p>Krajem studenog 2025. Muzej grada Zagreba predstavio je sjajnu izlo\u017ebu Gutljaj pro\u0161losti \u2013 Stare zagreba\u010dke kavane, kr\u010dme i gostionice (1887. \u2013 1939.)\u00a0te najavio da \u0107e izlo\u017eba biti oboga\u0107ena dodatnim programima,    <\/p><\/div>    <div class=\"read-more-btn\">        <a target=\"_blank\" href=\"https:\/\/kelnerice.com\/?p=294\" class=\"read-more-button\">Read More<\/a>    <\/div><\/div><div class=\"post-container\">    <div class=\"image-container\"><img decoding=\"async\" class=\"block-image\" src=\"https:\/\/kelnerice.com\/wp-content\/uploads\/2026\/02\/WhatsApp-Image-2026-01-30-at-18.00.25-1024x768.jpeg\">    <\/div>    <div class=\"post-title\"  ><a href=\"https:\/\/kelnerice.com\/?p=254\" class=\"title\">No\u0107 muzeja 2026. u Zagorkinom stanu<\/a>    <\/div>    <div class=\"meta-data\" ><p>2 velja\u010de, 2026 | Author: admin | Categories: Blog, Blog<\/p>    <\/div>    <div class=\"post-content\" ><p>Na poziv Memorijalnog stana Marije Juri\u0107 Zagorke Kelnerice su se i ove godine pridru\u017eile manifestaciji No\u0107 muzeja, i to uz Gornjogradske coprnice, \u010cuvarice vremena te Vintage Photo Souvenir koji se    <\/p><\/div>    <div class=\"read-more-btn\">        <a target=\"_blank\" href=\"https:\/\/kelnerice.com\/?p=254\" class=\"read-more-button\">Read More<\/a>    <\/div><\/div><div class=\"post-container\">    <div class=\"image-container\"><img decoding=\"async\" class=\"block-image\" src=\"https:\/\/kelnerice.com\/wp-content\/uploads\/2026\/02\/595137345_1661019998526168_1857923430038099849_n-1024x683.jpg\">    <\/div>    <div class=\"post-title\"  ><a href=\"https:\/\/kelnerice.com\/?p=247\" class=\"title\">Izlo\u017eba Gutljaj pro\u0161losti i Kelnerice u Muzeju grada Zagreba<\/a>    <\/div>    <div class=\"meta-data\" ><p>1 prosinca, 2025 | Author: admin | Categories: Blog, Blog<\/p>    <\/div>    <div class=\"post-content\" ><p>U Muzeju grada Zagreba otvorena je izlo\u017eba\u00a0Gutljaj pro\u0161losti \u2013 Stare zagreba\u010dke kavane, kr\u010dme i gostionice (1887. \u2013 1939.) koja obuhva\u0107a zagreba\u010dke lokali koji su bili va\u017ean dio dru\u0161tvenog i svakodnevnog    <\/p><\/div>    <div class=\"read-more-btn\">        <a target=\"_blank\" href=\"https:\/\/kelnerice.com\/?p=247\" class=\"read-more-button\">Read More<\/a>    <\/div><\/div><div class=\"post-container\">    <div class=\"image-container\"><img decoding=\"async\" class=\"block-image\" src=\"https:\/\/kelnerice.com\/wp-content\/uploads\/2026\/02\/WhatsApp-Slika-2025-11-28-u-18.12.39_8171595e-768x1024.jpg\">    <\/div>    <div class=\"post-title\"  ><a href=\"https:\/\/kelnerice.com\/?p=237\" class=\"title\">Mali landravci preuzimaju adventski Zagreb!<\/a>    <\/div>    <div class=\"meta-data\" ><p>30 studenoga, 2025 | Author: admin | Categories: Blog, Blog<\/p>    <\/div>    <div class=\"post-content\" ><p>Dok gradske ulice sve vi\u0161e i vi\u0161e blistaju u svjetlu lampica, a miris blagdana i zimska \u010darolija daju onaj poseban \u0161tih \u0161etnji gradom, na scenu sti\u017ee nova adventska pustolovina za    <\/p><\/div>    <div class=\"read-more-btn\">        <a target=\"_blank\" href=\"https:\/\/kelnerice.com\/?p=237\" class=\"read-more-button\">Read More<\/a>    <\/div><\/div><div class=\"post-container\">    <div class=\"image-container\"><img decoding=\"async\" class=\"block-image\" src=\"https:\/\/kelnerice.com\/wp-content\/uploads\/2025\/11\/Snimka-zaslona-2025-11-16-233939-e1764240102384.png\">    <\/div>    <div class=\"post-title\"  ><a href=\"https:\/\/kelnerice.com\/?p=224\" class=\"title\">Veseli stari Zagreb se vra\u0107a na gradsku scenu!<\/a>    <\/div>    <div class=\"meta-data\" ><p>27 studenoga, 2025 | Author: admin | Categories: Blog, Blog<\/p>    <\/div>    <div class=\"post-content\" ><p>Vrijeme je da sve na\u0161e ture stavimo na led i svijetla pozornice (bolje re\u010deno, gradska svjetla) prepustimo adventskoj kostimiranoj turi Veseli stari Zagreb! \ud83c\udf84 Gornjogradske ulice o\u010darat \u0107e vas pri\u010dama    <\/p><\/div>    <div class=\"read-more-btn\">        <a target=\"_blank\" href=\"https:\/\/kelnerice.com\/?p=224\" class=\"read-more-button\">Read More<\/a>    <\/div><\/div><div class=\"post-container\">    <div class=\"image-container\"><img decoding=\"async\" class=\"block-image\" src=\"https:\/\/kelnerice.com\/wp-content\/uploads\/2025\/10\/ll-1024x683.png\">    <\/div>    <div class=\"post-title\"  ><a href=\"https:\/\/kelnerice.com\/?p=210\" class=\"title\">Rujan u znaku gostioni\u010darskih kronika<\/a>    <\/div>    <div class=\"meta-data\" ><p>1 listopada, 2025 | Author: admin | Categories: Blog, Blog<\/p>    <\/div>    <div class=\"post-content\" ><p>\ud83d\udc49\u0160etnja Zagreba\u010dke vragolije i gostioni\u010darske kronike je svoju premijeru imala u rujnu, i to u sklopu programa Turisti\u010dke zajednice grada Zagreba &#8211; Upoznaj svoj grad! Gostioni\u010darka \u0160tefanija se svaku subotu    <\/p><\/div>    <div class=\"read-more-btn\">        <a target=\"_blank\" href=\"https:\/\/kelnerice.com\/?p=210\" class=\"read-more-button\">Read More<\/a>    <\/div><\/div><div class=\"post-container\">    <div class=\"image-container\"><img decoding=\"async\" class=\"block-image\" src=\"https:\/\/kelnerice.com\/wp-content\/uploads\/2025\/09\/WhatsApp-Slika-2025-09-08-u-09.43.28_3a520717-e1763821283125-1024x579.jpg\">    <\/div>    <div class=\"post-title\"  ><a href=\"https:\/\/kelnerice.com\/?p=184\" class=\"title\">Upoznaj svoj grad &#8211; besplatne \u0161etnje<\/a>    <\/div>    <div class=\"meta-data\" ><p>2 rujna, 2025 | Author: admin | Categories: Blog, Blog<\/p>    <\/div>    <div class=\"post-content\" ><p>Kelnerice su se ove godine pridru\u017eile programu Upoznaj svoj grad \u2013 besplatni razgledi za Zagrep\u010dane u organizaciji Turisti\u010dke zajednice grada Zagreba. Na\u0161a nova tematska i kostimirana \u0161etnja Zagreba\u010dke vragolije i    <\/p><\/div>    <div class=\"read-more-btn\">        <a target=\"_blank\" href=\"https:\/\/kelnerice.com\/?p=184\" class=\"read-more-button\">Read More<\/a>    <\/div><\/div><div class=\"post-container\">    <div class=\"image-container\"><img decoding=\"async\" class=\"block-image\" src=\"https:\/\/kelnerice.com\/wp-content\/uploads\/2025\/07\/Cream-Brown-Minimalist-Thrift-Store-Facebook-Cover-3-1024x577.png\">    <\/div>    <div class=\"post-title\"  ><a href=\"https:\/\/kelnerice.com\/?p=174\" class=\"title\">Kelnerice slave prvi ro\u0111endan! \ud83c\udf82\ud83c\udfa9<\/a>    <\/div>    <div class=\"meta-data\" ><p>31 kolovoza, 2025 | Author: admin | Categories: Blog, Blog<\/p>    <\/div>    <div class=\"post-content\" ><p>Danas je godinu dana od kad su Kelnerice prvi puta zakora\u010dile na zagreba\u010dke ulice \u2013 kostimirane, drhtava srca i s nadom da ima jo\u0161 onih koje zanima vrckava, ponekad skandalozna,    <\/p><\/div>    <div class=\"read-more-btn\">        <a target=\"_blank\" href=\"https:\/\/kelnerice.com\/?p=174\" class=\"read-more-button\">Read More<\/a>    <\/div><\/div><\/div><\/div>","protected":false},"excerpt":{"rendered":"","protected":false},"author":1,"featured_media":109,"parent":0,"menu_order":0,"comment_status":"closed","ping_status":"closed","template":"","meta":{"footnotes":""},"class_list":["post-108","page","type-page","status-publish","has-post-thumbnail","hentry"],"featured_image_url":{"thumbnail":"https:\/\/kelnerice.com\/wp-content\/uploads\/2025\/07\/Cream-Brown-Minimalist-Thrift-Store-Facebook-Cover-7-150x150.png","medium":"https:\/\/kelnerice.com\/wp-content\/uploads\/2025\/07\/Cream-Brown-Minimalist-Thrift-Store-Facebook-Cover-7-300x169.png","medium_large":"https:\/\/kelnerice.com\/wp-content\/uploads\/2025\/07\/Cream-Brown-Minimalist-Thrift-Store-Facebook-Cover-7-768x433.png","large":"https:\/\/kelnerice.com\/wp-content\/uploads\/2025\/07\/Cream-Brown-Minimalist-Thrift-Store-Facebook-Cover-7-1024x577.png","1536x1536":"https:\/\/kelnerice.com\/wp-content\/uploads\/2025\/07\/Cream-Brown-Minimalist-Thrift-Store-Facebook-Cover-7-1536x865.png","2048x2048":"https:\/\/kelnerice.com\/wp-content\/uploads\/2025\/07\/Cream-Brown-Minimalist-Thrift-Store-Facebook-Cover-7.png","twentyseventeen-featured-image":"https:\/\/kelnerice.com\/wp-content\/uploads\/2025\/07\/Cream-Brown-Minimalist-Thrift-Store-Facebook-Cover-7.png","twentyseventeen-thumbnail-avatar":"https:\/\/kelnerice.com\/wp-content\/uploads\/2025\/07\/Cream-Brown-Minimalist-Thrift-Store-Facebook-Cover-7-100x100.png"},"post_author":"admin","assigned_categories":"","_links":{"self":[{"href":"https:\/\/kelnerice.com\/index.php?rest_route=\/wp\/v2\/pages\/108","targetHints":{"allow":["GET"]}}],"collection":[{"href":"https:\/\/kelnerice.com\/index.php?rest_route=\/wp\/v2\/pages"}],"about":[{"href":"https:\/\/kelnerice.com\/index.php?rest_route=\/wp\/v2\/types\/page"}],"author":[{"embeddable":true,"href":"https:\/\/kelnerice.com\/index.php?rest_route=\/wp\/v2\/users\/1"}],"replies":[{"embeddable":true,"href":"https:\/\/kelnerice.com\/index.php?rest_route=%2Fwp%2Fv2%2Fcomments&post=108"}],"version-history":[{"count":6,"href":"https:\/\/kelnerice.com\/index.php?rest_route=\/wp\/v2\/pages\/108\/revisions"}],"predecessor-version":[{"id":182,"href":"https:\/\/kelnerice.com\/index.php?rest_route=\/wp\/v2\/pages\/108\/revisions\/182"}],"wp:featuredmedia":[{"embeddable":true,"href":"https:\/\/kelnerice.com\/index.php?rest_route=\/wp\/v2\/media\/109"}],"wp:attachment":[{"href":"https:\/\/kelnerice.com\/index.php?rest_route=%2Fwp%2Fv2%2Fmedia&parent=108"}],"curies":[{"name":"wp","href":"https:\/\/api.w.org\/{rel}","templated":true}]}}