{"id":12,"date":"2025-07-07T15:12:43","date_gmt":"2025-07-07T15:12:43","guid":{"rendered":"https:\/\/kelnerice.com\/?page_id=12"},"modified":"2025-09-08T10:15:42","modified_gmt":"2025-09-08T10:15:42","slug":"about","status":"publish","type":"page","link":"https:\/\/kelnerice.com\/?page_id=12","title":{"rendered":"O NAMA"},"content":{"rendered":"\n<p><strong>Mi smo Kelnerice<\/strong> \u2013 licencirane zagreba\u010dke vodi\u010dice koje jednostavno ne mogu prestati pri\u010dati o svom gradu.<br>Specijalizirane smo za razdoblje kad je kavana bila kulturni centar, dnevni boravak gra\u0111ana, boemsko uto\u010di\u0161te i nepresu\u0161an izvor pri\u010da koje i danas bude znati\u017eelju.<\/p>\n\n\n\n<p>Na\u0161e ture vra\u0107aju zvuk, boju i karakter Zagrebu koji mo\u017eda vi\u0161e ne vidite, ali \u0107ete ga s nama sigurno osjetiti.<br>Ako ste ikad po\u017eeljeli da vam netko povijest ispri\u010da uz osmijeh, do\u0161li ste na pravo mjesto!<\/p>\n\n\n\n<p><strong>Za\u0161to ba\u0161 naziv Kelnerice?<\/strong><\/p>\n\n\n\n<p>Rije\u010d kelner dolazi iz njema\u010dkog jezika (<em>kellner <\/em>= konobar) iba\u0161 kao i mnoge rije\u010di u (staro)zagreba\u010dkom govoru. U publikaciji Dru\u0161tva kr\u010dmara i kavanara iz 1892., zanimanja su navedena upravo na njema\u010dkom, pa mo\u017eemo vidjeti kakvih je sve kelnera bilo \u2013 <em>zahlkellner\/oberkellner<\/em> (natkonobar), <em>zimmerkellner <\/em>(poslu\u017euje u sobama), <em>speisekellner <\/em>(donosi jelo)\u2026<\/p>\n\n\n\n<p>\ud83d\udc99Na\u0161e ime se s ljubavlju referira na raznolikost povijesnog naslije\u0111a u zagreba\u010dkom govoru, ali i igru identiteta:<br>mi ne nosimo tacne, nego poslu\u017eujemo gradske pri\u010de.\u2728<\/p>\n\n\n\n<p><strong>ANSAMBL IZ KAVANE<\/strong><\/p>\n\n\n\n<div class=\"wp-block-media-text is-stacked-on-mobile is-image-fill-element\" style=\"grid-template-columns:37% auto\"><figure class=\"wp-block-media-text__media\"><img fetchpriority=\"high\" decoding=\"async\" width=\"606\" height=\"1024\" src=\"https:\/\/kelnerice.com\/wp-content\/uploads\/2025\/07\/DSC_0176-04-768x1297-3-606x1024.jpeg\" alt=\"\" class=\"wp-image-53 size-full\" style=\"object-position:57% 23%\" srcset=\"https:\/\/kelnerice.com\/wp-content\/uploads\/2025\/07\/DSC_0176-04-768x1297-3-606x1024.jpeg 606w, https:\/\/kelnerice.com\/wp-content\/uploads\/2025\/07\/DSC_0176-04-768x1297-3-178x300.jpeg 178w, https:\/\/kelnerice.com\/wp-content\/uploads\/2025\/07\/DSC_0176-04-768x1297-3.jpeg 768w\" sizes=\"(max-width: 606px) 100vw, 606px\" \/><\/figure><div class=\"wp-block-media-text__content\">\n<p><strong>\u0110ur\u0111ica Vitkovi\u0107<\/strong><br>Osniva\u010dica Kelnerica, licencirana vodi\u010dica za Zagreb i Zagreba\u010dku \u017eupaniju, povjesni\u010darka i kroatologinja. Uvijek s knjigom u ruci \u2013 bilo kao \u010ditateljica, urednica ili autorica tematskih \u0161etnji.<\/p>\n<\/div><\/div>\n\n\n\n<div class=\"wp-block-media-text is-stacked-on-mobile is-image-fill-element\" style=\"grid-template-columns:37% auto\"><figure class=\"wp-block-media-text__media\"><img decoding=\"async\" width=\"768\" height=\"1024\" src=\"https:\/\/kelnerice.com\/wp-content\/uploads\/2025\/07\/WhatsApp-Slika-2025-07-07-u-17.46.21_c2cac0e9-768x1024.jpg\" alt=\"\" class=\"wp-image-55 size-full\" style=\"object-position:50% 50%\" srcset=\"https:\/\/kelnerice.com\/wp-content\/uploads\/2025\/07\/WhatsApp-Slika-2025-07-07-u-17.46.21_c2cac0e9-768x1024.jpg 768w, https:\/\/kelnerice.com\/wp-content\/uploads\/2025\/07\/WhatsApp-Slika-2025-07-07-u-17.46.21_c2cac0e9-225x300.jpg 225w, https:\/\/kelnerice.com\/wp-content\/uploads\/2025\/07\/WhatsApp-Slika-2025-07-07-u-17.46.21_c2cac0e9-1152x1536.jpg 1152w, https:\/\/kelnerice.com\/wp-content\/uploads\/2025\/07\/WhatsApp-Slika-2025-07-07-u-17.46.21_c2cac0e9.jpg 1200w\" sizes=\"(max-width: 767px) 89vw, (max-width: 1000px) 54vw, (max-width: 1071px) 543px, 580px\" \/><\/figure><div class=\"wp-block-media-text__content\">\n<p><strong>Pina Vitkovi\u0107<\/strong><br>Certificirana lajavica, profesionalna kradljivica \u010darapa i istinska \u0161efica. Mala po veli\u010dini, ali velika po karakteru i duhu. Tajni adut koji vas mo\u017eda i iznenadi na nekoj turi \u2014 ako nema pametnijeg posla.<\/p>\n<\/div><\/div>\n\n\n\n<p><\/p>\n","protected":false},"excerpt":{"rendered":"<p>Mi smo Kelnerice \u2013 licencirane zagreba\u010dke vodi\u010dice koje jednostavno ne mogu prestati pri\u010dati o svom gradu.Specijalizirane smo za razdoblje kad je kavana bila kulturni centar, dnevni boravak gra\u0111ana, boemsko uto\u010di\u0161te i nepresu\u0161an izvor pri\u010da koje i danas bude znati\u017eelju. Na\u0161e ture vra\u0107aju zvuk, boju i karakter Zagrebu koji mo\u017eda vi\u0161e ne vidite, ali \u0107ete ga &hellip; <\/p>\n<p class=\"link-more\"><a href=\"https:\/\/kelnerice.com\/?page_id=12\" class=\"more-link\">Nastavi \u010ditati<span class=\"screen-reader-text\"> &#8220;O NAMA&#8221;<\/span><\/a><\/p>\n","protected":false},"author":1,"featured_media":48,"parent":0,"menu_order":0,"comment_status":"closed","ping_status":"closed","template":"","meta":{"footnotes":""},"class_list":["post-12","page","type-page","status-publish","has-post-thumbnail","hentry"],"featured_image_url":{"thumbnail":"https:\/\/kelnerice.com\/wp-content\/uploads\/2025\/07\/Cream-Brown-Minimalist-Thrift-Store-Facebook-Cover-3-150x150.png","medium":"https:\/\/kelnerice.com\/wp-content\/uploads\/2025\/07\/Cream-Brown-Minimalist-Thrift-Store-Facebook-Cover-3-300x169.png","medium_large":"https:\/\/kelnerice.com\/wp-content\/uploads\/2025\/07\/Cream-Brown-Minimalist-Thrift-Store-Facebook-Cover-3-768x433.png","large":"https:\/\/kelnerice.com\/wp-content\/uploads\/2025\/07\/Cream-Brown-Minimalist-Thrift-Store-Facebook-Cover-3-1024x577.png","1536x1536":"https:\/\/kelnerice.com\/wp-content\/uploads\/2025\/07\/Cream-Brown-Minimalist-Thrift-Store-Facebook-Cover-3-1536x865.png","2048x2048":"https:\/\/kelnerice.com\/wp-content\/uploads\/2025\/07\/Cream-Brown-Minimalist-Thrift-Store-Facebook-Cover-3.png","twentyseventeen-featured-image":"https:\/\/kelnerice.com\/wp-content\/uploads\/2025\/07\/Cream-Brown-Minimalist-Thrift-Store-Facebook-Cover-3.png","twentyseventeen-thumbnail-avatar":"https:\/\/kelnerice.com\/wp-content\/uploads\/2025\/07\/Cream-Brown-Minimalist-Thrift-Store-Facebook-Cover-3-100x100.png"},"post_author":"admin","assigned_categories":"","_links":{"self":[{"href":"https:\/\/kelnerice.com\/index.php?rest_route=\/wp\/v2\/pages\/12","targetHints":{"allow":["GET"]}}],"collection":[{"href":"https:\/\/kelnerice.com\/index.php?rest_route=\/wp\/v2\/pages"}],"about":[{"href":"https:\/\/kelnerice.com\/index.php?rest_route=\/wp\/v2\/types\/page"}],"author":[{"embeddable":true,"href":"https:\/\/kelnerice.com\/index.php?rest_route=\/wp\/v2\/users\/1"}],"replies":[{"embeddable":true,"href":"https:\/\/kelnerice.com\/index.php?rest_route=%2Fwp%2Fv2%2Fcomments&post=12"}],"version-history":[{"count":7,"href":"https:\/\/kelnerice.com\/index.php?rest_route=\/wp\/v2\/pages\/12\/revisions"}],"predecessor-version":[{"id":188,"href":"https:\/\/kelnerice.com\/index.php?rest_route=\/wp\/v2\/pages\/12\/revisions\/188"}],"wp:featuredmedia":[{"embeddable":true,"href":"https:\/\/kelnerice.com\/index.php?rest_route=\/wp\/v2\/media\/48"}],"wp:attachment":[{"href":"https:\/\/kelnerice.com\/index.php?rest_route=%2Fwp%2Fv2%2Fmedia&parent=12"}],"curies":[{"name":"wp","href":"https:\/\/api.w.org\/{rel}","templated":true}]}}