{"id":14,"date":"2025-07-07T15:12:43","date_gmt":"2025-07-07T15:12:43","guid":{"rendered":"https:\/\/kelnerice.com\/?page_id=14"},"modified":"2025-07-08T11:58:54","modified_gmt":"2025-07-08T11:58:54","slug":"blog","status":"publish","type":"page","link":"https:\/\/kelnerice.com\/?page_id=14","title":{"rendered":"NA\u0160E TURE"},"content":{"rendered":"<div class=\"wp-block-latest-posts__list wp-block-advanced-posts-listing-advanced-posts-listing-block\"><style>\r\n            .post-container {\r\n                margin-bottom: 30px !important; \r\n            }<\/style><div class=\"listing-layout\"><div class=\"post-container\">    <div class=\"image-container\"><img decoding=\"async\" class=\"block-image\" src=\"https:\/\/kelnerice.com\/wp-content\/uploads\/2025\/09\/WhatsApp-Slika-2025-09-08-u-09.43.27_31343157-1024x768.jpg\">    <\/div>    <div class=\"post-title\"  ><a href=\"https:\/\/kelnerice.com\/?p=190\" class=\"title\">Zagreba\u010dke vragolije i gostioni\u010darske kronike<\/a>    <\/div>    <div class=\"meta-data\" ><p>1 rujna, 2025 | Author: admin | Categories: Ture<\/p>    <\/div>    <div class=\"post-content\" ><p>\u0160armantna \u0161etnja zagreba\u010dkim ulicama na kojoj se isprepli\u0107u igre mo\u0107i, politi\u010dki gafovi i duhovita spletkarenja. Zakora\u010dite u vragolasto-\u0161armantni Zagreb 19. i 20. stolje\u0107a, prepun intriga, malih skandala i neo\u010dekivanih susreta.    <\/p><\/div>    <div class=\"read-more-btn\">        <a target=\"_blank\" href=\"https:\/\/kelnerice.com\/?p=190\" class=\"read-more-button\">Read More<\/a>    <\/div><\/div><div class=\"post-container\">    <div class=\"image-container\"><img decoding=\"async\" class=\"block-image\" src=\"https:\/\/kelnerice.com\/wp-content\/uploads\/2025\/07\/WhatsApp-Slika-2025-06-18-u-19.03.31_9937e4d2-1024x768.jpg\">    <\/div>    <div class=\"post-title\"  ><a href=\"https:\/\/kelnerice.com\/?p=70\" class=\"title\">Zagorkine kavanske pri\u010de<\/a>    <\/div>    <div class=\"meta-data\" ><p>7 srpnja, 2025 | Author: admin | Categories: Ture<\/p>    <\/div>    <div class=\"post-content\" ><p>Zagorka otkriva skrivene pri\u010de! Kad se spomenu zagreba\u010dke kavane i pisci, imena poput Krle\u017ee i Mato\u0161a odmah nam padaju na pamet, no imena autorica gotovo nikada ne\u0107e biti me\u0111u njima.    <\/p><\/div>    <div class=\"read-more-btn\">        <a target=\"_blank\" href=\"https:\/\/kelnerice.com\/?p=70\" class=\"read-more-button\">Read More<\/a>    <\/div><\/div><div class=\"post-container\">    <div class=\"image-container\"><img decoding=\"async\" class=\"block-image\" src=\"https:\/\/kelnerice.com\/wp-content\/uploads\/2025\/07\/Cream-Brown-Minimalist-Thrift-Store-Facebook-Cover-4-1024x577.png\">    <\/div>    <div class=\"post-title\"  ><a href=\"https:\/\/kelnerice.com\/?p=67\" class=\"title\">Pri\u010de donjogradskih kavana<\/a>    <\/div>    <div class=\"meta-data\" ><p>7 srpnja, 2025 | Author: admin | Categories: Ture<\/p>    <\/div>    <div class=\"post-content\" ><p>Gdje drugi nude razgled, mi poslu\u017eujemo pri\u010du! \u0160etnja vodi kroz legendarne zagreba\u010dke kavane Donjeg grada, u vrijeme kada je kavana bila kulturna institucija i carstvo boem\u0161tine. Kroz pri\u010du kelnerice, koja    <\/p><\/div>    <div class=\"read-more-btn\">        <a target=\"_blank\" href=\"https:\/\/kelnerice.com\/?p=67\" class=\"read-more-button\">Read More<\/a>    <\/div><\/div><div class=\"post-container\">    <div class=\"image-container\"><img decoding=\"async\" class=\"block-image\" src=\"https:\/\/kelnerice.com\/wp-content\/uploads\/2025\/07\/Cream-Brown-Minimalist-Thrift-Store-Facebook-Cover-8-1024x577.png\">    <\/div>    <div class=\"post-title\"  ><a href=\"https:\/\/kelnerice.com\/?p=147\" class=\"title\">Gornjogradska lutanja<\/a>    <\/div>    <div class=\"meta-data\" ><p>7 srpnja, 2025 | Author: admin | Categories: Ture<\/p>    <\/div>    <div class=\"post-content\" ><p>Zagreba\u010dki Gornji grad \u010duva brojne povijesne dragulje \u2013 poplo\u010dene uli\u010dice, crkve i kule, ali i pri\u010de koje ne\u0107ete prona\u0107i u turisti\u010dkim vodi\u010dima. Na ovoj privatnoj \u0161etnji, va\u0161 vodi\u010d dolazi iz    <\/p><\/div>    <div class=\"read-more-btn\">        <a target=\"_blank\" href=\"https:\/\/kelnerice.com\/?p=147\" class=\"read-more-button\">Read More<\/a>    <\/div><\/div><div class=\"post-container\">    <div class=\"image-container\"><img decoding=\"async\" class=\"block-image\" src=\"https:\/\/kelnerice.com\/wp-content\/uploads\/2026\/02\/Snimka-zaslona-2025-12-24-104955-1024x538.png\">    <\/div>    <div class=\"post-title\"  ><a href=\"https:\/\/kelnerice.com\/?p=231\" class=\"title\">Adventske \u0161pelancije za male landravce<\/a>    <\/div>    <div class=\"meta-data\" ><p>7 srpnja, 2025 | Author: admin | Categories: Ture<\/p>    <\/div>    <div class=\"post-content\" ><p>\ud83c\udf84Ova vesela adventska tura za klinceze i klince ponovno kre\u0107e s prvim danima Adventa u Zagrebu! O \u0161etnji \ud83c\udfa0\ud83d\udcabU suradnji s \u010darobnim damama iz Zagreba\u010dkog ringe\u0161pila, vodimo vas na adventsku    <\/p><\/div>    <div class=\"read-more-btn\">        <a target=\"_blank\" href=\"https:\/\/kelnerice.com\/?p=231\" class=\"read-more-button\">Read More<\/a>    <\/div><\/div><div class=\"post-container\">    <div class=\"image-container\"><img decoding=\"async\" class=\"block-image\" src=\"https:\/\/kelnerice.com\/wp-content\/uploads\/2025\/07\/Dizajn-bez-naslova.png\">    <\/div>    <div class=\"post-title\"  ><a href=\"https:\/\/kelnerice.com\/?p=64\" class=\"title\">Veseli stari Zagreb \u2014 adventska tura<\/a>    <\/div>    <div class=\"meta-data\" ><p>6 srpnja, 2025 | Author: admin | Categories: Ture<\/p>    <\/div>    <div class=\"post-content\" ><p>\ud83c\udf84 Veseli stari Zagreb ponovno kre\u0107e s prvim danima Adventa u Zagrebu! O \u0161etnji Ponovno upoznajte grad kroz pri\u010de davno pro\u0161lih praznika i dozvolite da vas, izme\u0111u ostalog, inspiriramo za:\ud83c\udf80tro\u0161enje    <\/p><\/div>    <div class=\"read-more-btn\">        <a target=\"_blank\" href=\"https:\/\/kelnerice.com\/?p=64\" class=\"read-more-button\">Read More<\/a>    <\/div><\/div><\/div><\/div>","protected":false},"excerpt":{"rendered":"","protected":false},"author":1,"featured_media":57,"parent":0,"menu_order":0,"comment_status":"closed","ping_status":"closed","template":"","meta":{"footnotes":""},"class_list":["post-14","page","type-page","status-publish","has-post-thumbnail","hentry"],"featured_image_url":{"thumbnail":"https:\/\/kelnerice.com\/wp-content\/uploads\/2025\/07\/Corso-NSK-150x150.png","medium":"https:\/\/kelnerice.com\/wp-content\/uploads\/2025\/07\/Corso-NSK-300x179.png","medium_large":"https:\/\/kelnerice.com\/wp-content\/uploads\/2025\/07\/Corso-NSK-768x458.png","large":"https:\/\/kelnerice.com\/wp-content\/uploads\/2025\/07\/Corso-NSK-1024x610.png","1536x1536":"https:\/\/kelnerice.com\/wp-content\/uploads\/2025\/07\/Corso-NSK.png","2048x2048":"https:\/\/kelnerice.com\/wp-content\/uploads\/2025\/07\/Corso-NSK.png","twentyseventeen-featured-image":"https:\/\/kelnerice.com\/wp-content\/uploads\/2025\/07\/Corso-NSK.png","twentyseventeen-thumbnail-avatar":"https:\/\/kelnerice.com\/wp-content\/uploads\/2025\/07\/Corso-NSK-100x100.png"},"post_author":"admin","assigned_categories":"","_links":{"self":[{"href":"https:\/\/kelnerice.com\/index.php?rest_route=\/wp\/v2\/pages\/14","targetHints":{"allow":["GET"]}}],"collection":[{"href":"https:\/\/kelnerice.com\/index.php?rest_route=\/wp\/v2\/pages"}],"about":[{"href":"https:\/\/kelnerice.com\/index.php?rest_route=\/wp\/v2\/types\/page"}],"author":[{"embeddable":true,"href":"https:\/\/kelnerice.com\/index.php?rest_route=\/wp\/v2\/users\/1"}],"replies":[{"embeddable":true,"href":"https:\/\/kelnerice.com\/index.php?rest_route=%2Fwp%2Fv2%2Fcomments&post=14"}],"version-history":[{"count":7,"href":"https:\/\/kelnerice.com\/index.php?rest_route=\/wp\/v2\/pages\/14\/revisions"}],"predecessor-version":[{"id":104,"href":"https:\/\/kelnerice.com\/index.php?rest_route=\/wp\/v2\/pages\/14\/revisions\/104"}],"wp:featuredmedia":[{"embeddable":true,"href":"https:\/\/kelnerice.com\/index.php?rest_route=\/wp\/v2\/media\/57"}],"wp:attachment":[{"href":"https:\/\/kelnerice.com\/index.php?rest_route=%2Fwp%2Fv2%2Fmedia&parent=14"}],"curies":[{"name":"wp","href":"https:\/\/api.w.org\/{rel}","templated":true}]}}